{"id":387,"date":"2022-10-09T19:00:00","date_gmt":"2022-10-09T17:00:00","guid":{"rendered":"http:\/\/bellesmecaniquesclubangers.com\/?page_id=387"},"modified":"2024-01-14T19:46:15","modified_gmt":"2024-01-14T18:46:15","slug":"lequipe-belles-mecaniques-club","status":"publish","type":"page","link":"http:\/\/bellesmecaniquesclubangers.com\/index.php\/lequipe-belles-mecaniques-club\/","title":{"rendered":"L&rsquo;\u00e9quipe Belles M\u00e9caniques Club"},"content":{"rendered":"\n<div class=\"wp-block-group\"><div class=\"wp-block-group__inner-container is-layout-flow wp-block-group-is-layout-flow\">\n<p>\u00ab&nbsp;Se r\u00e9unir est un d\u00e9but ; rester ensemble est un progr\u00e8s ; travailler ensemble est la r\u00e9ussite.&nbsp;\u00bb &#8211; Henry Ford<\/p>\n\n\n\n<p>Philippe, R\u00e9mi, Dominique, Henri, Marie, Baptiste\u2026 les b\u00e9n\u00e9voles gr\u00e2ce \u00e0 qui les rassemblements de Belles M\u00e9caniques Club sont des r\u00e9ussites ! Ils vous accueillent, vous photographient, vous placent et sont tous hyper sympa ! Merci \u00e0 chacun de vous !<\/p>\n<\/div><\/div>\n\n\n<div class=\"wp-block-image\">\n<figure class=\"aligncenter size-full is-resized\"><img loading=\"lazy\" decoding=\"async\" width=\"1898\" height=\"2514\" src=\"http:\/\/bellesmecaniquesclubangers.com\/wp-content\/uploads\/2024\/01\/Capture-decran-2024-01-14-a-19.45.25.png\" alt=\"\" class=\"wp-image-589\" style=\"width:841px;height:1114px\" srcset=\"http:\/\/bellesmecaniquesclubangers.com\/wp-content\/uploads\/2024\/01\/Capture-decran-2024-01-14-a-19.45.25.png 1898w, http:\/\/bellesmecaniquesclubangers.com\/wp-content\/uploads\/2024\/01\/Capture-decran-2024-01-14-a-19.45.25-226x300.png 226w, http:\/\/bellesmecaniquesclubangers.com\/wp-content\/uploads\/2024\/01\/Capture-decran-2024-01-14-a-19.45.25-773x1024.png 773w, http:\/\/bellesmecaniquesclubangers.com\/wp-content\/uploads\/2024\/01\/Capture-decran-2024-01-14-a-19.45.25-768x1017.png 768w, http:\/\/bellesmecaniquesclubangers.com\/wp-content\/uploads\/2024\/01\/Capture-decran-2024-01-14-a-19.45.25-1160x1536.png 1160w, http:\/\/bellesmecaniquesclubangers.com\/wp-content\/uploads\/2024\/01\/Capture-decran-2024-01-14-a-19.45.25-1546x2048.png 1546w, http:\/\/bellesmecaniquesclubangers.com\/wp-content\/uploads\/2024\/01\/Capture-decran-2024-01-14-a-19.45.25-1140x1510.png 1140w\" sizes=\"auto, (max-width: 1898px) 100vw, 1898px\" \/><\/figure>\n<\/div>\n\n\n<figure class=\"wp-block-gallery has-nested-images columns-default is-cropped wp-block-gallery-1 is-layout-flex wp-block-gallery-is-layout-flex\">\n<figure class=\"wp-block-image size-large\"><img loading=\"lazy\" decoding=\"async\" width=\"768\" height=\"1024\" data-id=\"419\" src=\"http:\/\/bellesmecaniquesclubangers.com\/wp-content\/uploads\/2022\/11\/IMG_1045-768x1024.jpeg\" alt=\"\" class=\"wp-image-419\" srcset=\"http:\/\/bellesmecaniquesclubangers.com\/wp-content\/uploads\/2022\/11\/IMG_1045-768x1024.jpeg 768w, http:\/\/bellesmecaniquesclubangers.com\/wp-content\/uploads\/2022\/11\/IMG_1045-225x300.jpeg 225w, http:\/\/bellesmecaniquesclubangers.com\/wp-content\/uploads\/2022\/11\/IMG_1045-1152x1536.jpeg 1152w, http:\/\/bellesmecaniquesclubangers.com\/wp-content\/uploads\/2022\/11\/IMG_1045-1536x2048.jpeg 1536w, http:\/\/bellesmecaniquesclubangers.com\/wp-content\/uploads\/2022\/11\/IMG_1045-1140x1520.jpeg 1140w, http:\/\/bellesmecaniquesclubangers.com\/wp-content\/uploads\/2022\/11\/IMG_1045-scaled.jpeg 1920w\" sizes=\"auto, (max-width: 768px) 100vw, 768px\" \/><figcaption class=\"wp-element-caption\">Marie La Secretaire <\/figcaption><\/figure>\n\n\n\n<figure class=\"wp-block-image size-large\"><img loading=\"lazy\" decoding=\"async\" width=\"768\" height=\"1024\" data-id=\"420\" src=\"http:\/\/bellesmecaniquesclubangers.com\/wp-content\/uploads\/2022\/11\/IMG_1048-768x1024.jpeg\" alt=\"\" class=\"wp-image-420\" srcset=\"http:\/\/bellesmecaniquesclubangers.com\/wp-content\/uploads\/2022\/11\/IMG_1048-768x1024.jpeg 768w, http:\/\/bellesmecaniquesclubangers.com\/wp-content\/uploads\/2022\/11\/IMG_1048-225x300.jpeg 225w, http:\/\/bellesmecaniquesclubangers.com\/wp-content\/uploads\/2022\/11\/IMG_1048-1152x1536.jpeg 1152w, http:\/\/bellesmecaniquesclubangers.com\/wp-content\/uploads\/2022\/11\/IMG_1048-1536x2048.jpeg 1536w, http:\/\/bellesmecaniquesclubangers.com\/wp-content\/uploads\/2022\/11\/IMG_1048-1140x1520.jpeg 1140w, http:\/\/bellesmecaniquesclubangers.com\/wp-content\/uploads\/2022\/11\/IMG_1048-scaled.jpeg 1920w\" sizes=\"auto, (max-width: 768px) 100vw, 768px\" \/><figcaption class=\"wp-element-caption\">Dominique Chef Placier Adjoint <\/figcaption><\/figure>\n<\/figure>\n","protected":false},"excerpt":{"rendered":"<p>\u00ab&nbsp;Se r\u00e9unir est un d\u00e9but ; rester ensemble est un progr\u00e8s ; travailler ensemble est la r\u00e9ussite.&nbsp;\u00bb &#8211; Henry Ford Philippe, R\u00e9mi, Dominique, Henri, Marie, Baptiste\u2026 les b\u00e9n\u00e9voles gr\u00e2ce \u00e0 qui les rassemblements de Belles M\u00e9caniques Club sont des r\u00e9ussites ! Ils vous accueillent, vous photographient, vous placent et sont tous hyper sympa ! Merci \u00e0 chacun de vous !<\/p>\n","protected":false},"author":1,"featured_media":417,"parent":0,"menu_order":0,"comment_status":"closed","ping_status":"closed","template":"","meta":{"footnotes":""},"class_list":["post-387","page","type-page","status-publish","has-post-thumbnail","hentry"],"_links":{"self":[{"href":"http:\/\/bellesmecaniquesclubangers.com\/index.php\/wp-json\/wp\/v2\/pages\/387","targetHints":{"allow":["GET"]}}],"collection":[{"href":"http:\/\/bellesmecaniquesclubangers.com\/index.php\/wp-json\/wp\/v2\/pages"}],"about":[{"href":"http:\/\/bellesmecaniquesclubangers.com\/index.php\/wp-json\/wp\/v2\/types\/page"}],"author":[{"embeddable":true,"href":"http:\/\/bellesmecaniquesclubangers.com\/index.php\/wp-json\/wp\/v2\/users\/1"}],"replies":[{"embeddable":true,"href":"http:\/\/bellesmecaniquesclubangers.com\/index.php\/wp-json\/wp\/v2\/comments?post=387"}],"version-history":[{"count":9,"href":"http:\/\/bellesmecaniquesclubangers.com\/index.php\/wp-json\/wp\/v2\/pages\/387\/revisions"}],"predecessor-version":[{"id":590,"href":"http:\/\/bellesmecaniquesclubangers.com\/index.php\/wp-json\/wp\/v2\/pages\/387\/revisions\/590"}],"wp:featuredmedia":[{"embeddable":true,"href":"http:\/\/bellesmecaniquesclubangers.com\/index.php\/wp-json\/wp\/v2\/media\/417"}],"wp:attachment":[{"href":"http:\/\/bellesmecaniquesclubangers.com\/index.php\/wp-json\/wp\/v2\/media?parent=387"}],"curies":[{"name":"wp","href":"https:\/\/api.w.org\/{rel}","templated":true}]}}